{"id":84,"date":"2023-08-02T00:17:50","date_gmt":"2023-08-02T06:17:50","guid":{"rendered":"https:\/\/centroproyectos.com\/web\/?page_id=84"},"modified":"2023-08-02T10:05:41","modified_gmt":"2023-08-02T16:05:41","slug":"servicios","status":"publish","type":"page","link":"https:\/\/centroproyectos.com\/web\/servicios\/","title":{"rendered":"Servicios"},"content":{"rendered":"\t\t<div data-elementor-type=\"wp-page\" data-elementor-id=\"84\" class=\"elementor elementor-84\">\n\t\t\t\t\t\t\t\t\t<section class=\"elementor-section elementor-top-section elementor-element elementor-element-ee55044 elementor-section-boxed elementor-section-height-default elementor-section-height-default\" data-id=\"ee55044\" data-element_type=\"section\">\n\t\t\t\t\t\t<div class=\"elementor-container elementor-column-gap-default\">\n\t\t\t\t\t<div class=\"elementor-column elementor-col-100 elementor-top-column elementor-element elementor-element-9624215\" data-id=\"9624215\" data-element_type=\"column\">\n\t\t\t<div class=\"elementor-widget-wrap elementor-element-populated\">\n\t\t\t\t\t\t\t\t<div class=\"elementor-element elementor-element-bc5cd0a elementor-widget elementor-widget-text-editor\" data-id=\"bc5cd0a\" data-element_type=\"widget\" data-widget_type=\"text-editor.default\">\n\t\t\t\t<div class=\"elementor-widget-container\">\n\t\t\t<style>\/*! elementor - v3.15.0 - 09-08-2023 *\/\n.elementor-widget-text-editor.elementor-drop-cap-view-stacked .elementor-drop-cap{background-color:#69727d;color:#fff}.elementor-widget-text-editor.elementor-drop-cap-view-framed .elementor-drop-cap{color:#69727d;border:3px solid;background-color:transparent}.elementor-widget-text-editor:not(.elementor-drop-cap-view-default) .elementor-drop-cap{margin-top:8px}.elementor-widget-text-editor:not(.elementor-drop-cap-view-default) .elementor-drop-cap-letter{width:1em;height:1em}.elementor-widget-text-editor .elementor-drop-cap{float:left;text-align:center;line-height:1;font-size:50px}.elementor-widget-text-editor .elementor-drop-cap-letter{display:inline-block}<\/style>\t\t\t\t<p style=\"text-align: justify;\">El CEP, cuenta con un grupo de consultores de gran experiencia profesional y acad\u00e9mica en el \u00e1mbito nacional e internacional. Estas fortalezas del equipo de consultores, nos permite ofrecerles servicios de:<\/p>\t\t\t\t\t\t<\/div>\n\t\t\t\t<\/div>\n\t\t\t\t\t<\/div>\n\t\t<\/div>\n\t\t\t\t\t\t\t<\/div>\n\t\t<\/section>\n\t\t\t\t<section class=\"elementor-section elementor-top-section elementor-element elementor-element-d74eede elementor-section-boxed elementor-section-height-default elementor-section-height-default\" data-id=\"d74eede\" data-element_type=\"section\">\n\t\t\t\t\t\t<div class=\"elementor-container elementor-column-gap-default\">\n\t\t\t\t\t<div class=\"elementor-column elementor-col-100 elementor-top-column elementor-element elementor-element-434d705\" data-id=\"434d705\" data-element_type=\"column\">\n\t\t\t<div class=\"elementor-widget-wrap elementor-element-populated\">\n\t\t\t\t\t\t\t\t<div class=\"elementor-element elementor-element-9eceaf4 elementor-widget-divider--view-line elementor-widget elementor-widget-divider\" data-id=\"9eceaf4\" data-element_type=\"widget\" data-widget_type=\"divider.default\">\n\t\t\t\t<div class=\"elementor-widget-container\">\n\t\t\t<style>\/*! elementor - v3.15.0 - 09-08-2023 *\/\n.elementor-widget-divider{--divider-border-style:none;--divider-border-width:1px;--divider-color:#0c0d0e;--divider-icon-size:20px;--divider-element-spacing:10px;--divider-pattern-height:24px;--divider-pattern-size:20px;--divider-pattern-url:none;--divider-pattern-repeat:repeat-x}.elementor-widget-divider .elementor-divider{display:flex}.elementor-widget-divider .elementor-divider__text{font-size:15px;line-height:1;max-width:95%}.elementor-widget-divider .elementor-divider__element{margin:0 var(--divider-element-spacing);flex-shrink:0}.elementor-widget-divider .elementor-icon{font-size:var(--divider-icon-size)}.elementor-widget-divider .elementor-divider-separator{display:flex;margin:0;direction:ltr}.elementor-widget-divider--view-line_icon .elementor-divider-separator,.elementor-widget-divider--view-line_text .elementor-divider-separator{align-items:center}.elementor-widget-divider--view-line_icon .elementor-divider-separator:after,.elementor-widget-divider--view-line_icon .elementor-divider-separator:before,.elementor-widget-divider--view-line_text .elementor-divider-separator:after,.elementor-widget-divider--view-line_text .elementor-divider-separator:before{display:block;content:\"\";border-bottom:0;flex-grow:1;border-top:var(--divider-border-width) var(--divider-border-style) var(--divider-color)}.elementor-widget-divider--element-align-left .elementor-divider .elementor-divider-separator>.elementor-divider__svg:first-of-type{flex-grow:0;flex-shrink:100}.elementor-widget-divider--element-align-left .elementor-divider-separator:before{content:none}.elementor-widget-divider--element-align-left .elementor-divider__element{margin-left:0}.elementor-widget-divider--element-align-right .elementor-divider .elementor-divider-separator>.elementor-divider__svg:last-of-type{flex-grow:0;flex-shrink:100}.elementor-widget-divider--element-align-right .elementor-divider-separator:after{content:none}.elementor-widget-divider--element-align-right .elementor-divider__element{margin-right:0}.elementor-widget-divider:not(.elementor-widget-divider--view-line_text):not(.elementor-widget-divider--view-line_icon) .elementor-divider-separator{border-top:var(--divider-border-width) var(--divider-border-style) var(--divider-color)}.elementor-widget-divider--separator-type-pattern{--divider-border-style:none}.elementor-widget-divider--separator-type-pattern.elementor-widget-divider--view-line .elementor-divider-separator,.elementor-widget-divider--separator-type-pattern:not(.elementor-widget-divider--view-line) .elementor-divider-separator:after,.elementor-widget-divider--separator-type-pattern:not(.elementor-widget-divider--view-line) .elementor-divider-separator:before,.elementor-widget-divider--separator-type-pattern:not([class*=elementor-widget-divider--view]) .elementor-divider-separator{width:100%;min-height:var(--divider-pattern-height);-webkit-mask-size:var(--divider-pattern-size) 100%;mask-size:var(--divider-pattern-size) 100%;-webkit-mask-repeat:var(--divider-pattern-repeat);mask-repeat:var(--divider-pattern-repeat);background-color:var(--divider-color);-webkit-mask-image:var(--divider-pattern-url);mask-image:var(--divider-pattern-url)}.elementor-widget-divider--no-spacing{--divider-pattern-size:auto}.elementor-widget-divider--bg-round{--divider-pattern-repeat:round}.rtl .elementor-widget-divider .elementor-divider__text{direction:rtl}.e-con-inner>.elementor-widget-divider,.e-con>.elementor-widget-divider{width:var(--container-widget-width,100%);--flex-grow:var(--container-widget-flex-grow)}<\/style>\t\t<div class=\"elementor-divider\">\n\t\t\t<span class=\"elementor-divider-separator\">\n\t\t\t\t\t\t<\/span>\n\t\t<\/div>\n\t\t\t\t<\/div>\n\t\t\t\t<\/div>\n\t\t\t\t\t<\/div>\n\t\t<\/div>\n\t\t\t\t\t\t\t<\/div>\n\t\t<\/section>\n\t\t\t\t<section class=\"elementor-section elementor-top-section elementor-element elementor-element-e171bbc elementor-section-boxed elementor-section-height-default elementor-section-height-default\" data-id=\"e171bbc\" data-element_type=\"section\">\n\t\t\t\t\t\t<div class=\"elementor-container elementor-column-gap-default\">\n\t\t\t\t\t<div class=\"elementor-column elementor-col-25 elementor-top-column elementor-element elementor-element-4fa4a70\" data-id=\"4fa4a70\" data-element_type=\"column\">\n\t\t\t<div class=\"elementor-widget-wrap elementor-element-populated\">\n\t\t\t\t\t\t\t\t<div class=\"elementor-element elementor-element-6656857 jkit-equal-height-disable elementor-widget elementor-widget-jkit_icon_box\" data-id=\"6656857\" data-element_type=\"widget\" data-widget_type=\"jkit_icon_box.default\">\n\t\t\t\t<div class=\"elementor-widget-container\">\n\t\t\t<div  class=\"jeg-elementor-kit jkit-icon-box icon-position- elementor-animation- jeg_module___69e5128e396cd\" ><div class=\"jkit-icon-box-wrapper hover-from-left\"><div class=\"icon-box icon-box-header elementor-animation-\"><div class=\"icon style-color\"><i aria-hidden=\"true\" class=\"fas fa-briefcase\"><\/i><\/div><\/div><div class=\"icon-box icon-box-body\">\n                <h5 class=\"title\">Consultorias<\/h5>\n            <\/div>\n            \n            <\/div><\/div>\t\t<\/div>\n\t\t\t\t<\/div>\n\t\t\t\t\t<\/div>\n\t\t<\/div>\n\t\t\t\t<div class=\"elementor-column elementor-col-25 elementor-top-column elementor-element elementor-element-f7ddc1f\" data-id=\"f7ddc1f\" data-element_type=\"column\">\n\t\t\t<div class=\"elementor-widget-wrap elementor-element-populated\">\n\t\t\t\t\t\t\t\t<div class=\"elementor-element elementor-element-b0bd9e7 jkit-equal-height-disable elementor-widget elementor-widget-jkit_icon_box\" data-id=\"b0bd9e7\" data-element_type=\"widget\" data-widget_type=\"jkit_icon_box.default\">\n\t\t\t\t<div class=\"elementor-widget-container\">\n\t\t\t<div  class=\"jeg-elementor-kit jkit-icon-box icon-position- elementor-animation- jeg_module__1_69e5128e3ca3f\" ><div class=\"jkit-icon-box-wrapper hover-from-left\"><div class=\"icon-box icon-box-header elementor-animation-\"><div class=\"icon style-color\"><i aria-hidden=\"true\" class=\"far fa-user\"><\/i><\/div><\/div><div class=\"icon-box icon-box-body\">\n                <h5 class=\"title\">Capacitaci\u00f3n<\/h5>\n            <\/div>\n            \n            <\/div><\/div>\t\t<\/div>\n\t\t\t\t<\/div>\n\t\t\t\t\t<\/div>\n\t\t<\/div>\n\t\t\t\t<div class=\"elementor-column elementor-col-25 elementor-top-column elementor-element elementor-element-d07d749\" data-id=\"d07d749\" data-element_type=\"column\">\n\t\t\t<div class=\"elementor-widget-wrap elementor-element-populated\">\n\t\t\t\t\t\t\t\t<div class=\"elementor-element elementor-element-e03ffe0 jkit-equal-height-disable elementor-widget elementor-widget-jkit_icon_box\" data-id=\"e03ffe0\" data-element_type=\"widget\" data-widget_type=\"jkit_icon_box.default\">\n\t\t\t\t<div class=\"elementor-widget-container\">\n\t\t\t<div  class=\"jeg-elementor-kit jkit-icon-box icon-position- elementor-animation- jeg_module__2_69e5128e3f278\" ><div class=\"jkit-icon-box-wrapper hover-from-left\"><div class=\"icon-box icon-box-header elementor-animation-\"><div class=\"icon style-color\"><i aria-hidden=\"true\" class=\"far fa-folder-open\"><\/i><\/div><\/div><div class=\"icon-box icon-box-body\">\n                <h5 class=\"title\">Asistencias<\/h5>\n            <\/div>\n            \n            <\/div><\/div>\t\t<\/div>\n\t\t\t\t<\/div>\n\t\t\t\t\t<\/div>\n\t\t<\/div>\n\t\t\t\t<div class=\"elementor-column elementor-col-25 elementor-top-column elementor-element elementor-element-f530a92\" data-id=\"f530a92\" data-element_type=\"column\">\n\t\t\t<div class=\"elementor-widget-wrap elementor-element-populated\">\n\t\t\t\t\t\t\t\t<div class=\"elementor-element elementor-element-4fc0ced jkit-equal-height-disable elementor-widget elementor-widget-jkit_icon_box\" data-id=\"4fc0ced\" data-element_type=\"widget\" data-widget_type=\"jkit_icon_box.default\">\n\t\t\t\t<div class=\"elementor-widget-container\">\n\t\t\t<div  class=\"jeg-elementor-kit jkit-icon-box icon-position- elementor-animation- jeg_module__3_69e5128e418ff\" ><div class=\"jkit-icon-box-wrapper hover-from-left\"><div class=\"icon-box icon-box-header elementor-animation-\"><div class=\"icon style-color\"><i aria-hidden=\"true\" class=\"fas fa-database\"><\/i><\/div><\/div><div class=\"icon-box icon-box-body\">\n                <h5 class=\"title\">Investigaci\u00f3n<\/h5>\n            <\/div>\n            \n            <\/div><\/div>\t\t<\/div>\n\t\t\t\t<\/div>\n\t\t\t\t\t<\/div>\n\t\t<\/div>\n\t\t\t\t\t\t\t<\/div>\n\t\t<\/section>\n\t\t\t\t<section class=\"elementor-section elementor-top-section elementor-element elementor-element-bbaa6ab elementor-section-boxed elementor-section-height-default elementor-section-height-default\" data-id=\"bbaa6ab\" data-element_type=\"section\">\n\t\t\t\t\t\t<div class=\"elementor-container elementor-column-gap-default\">\n\t\t\t\t\t<div class=\"elementor-column elementor-col-100 elementor-top-column elementor-element elementor-element-3e3d5bd\" data-id=\"3e3d5bd\" data-element_type=\"column\">\n\t\t\t<div class=\"elementor-widget-wrap elementor-element-populated\">\n\t\t\t\t\t\t\t\t<div class=\"elementor-element elementor-element-647cd78 elementor-widget elementor-widget-text-editor\" data-id=\"647cd78\" data-element_type=\"widget\" data-widget_type=\"text-editor.default\">\n\t\t\t\t<div class=\"elementor-widget-container\">\n\t\t\t\t\t\t\t<p style=\"text-align: justify;\">Estos servicios est\u00e1n orientados a fortalecer a las empresas u organizaciones, en tres \u00e1reas fundamentales para su crecimiento y desarrollo: la gesti\u00f3n organizacional y los procesos de planificaci\u00f3n y gerencia de las inversiones as\u00ed como atenciones al manejo de desastres en sus distintas fases.<\/p>\t\t\t\t\t\t<\/div>\n\t\t\t\t<\/div>\n\t\t\t\t\t<\/div>\n\t\t<\/div>\n\t\t\t\t\t\t\t<\/div>\n\t\t<\/section>\n\t\t\t\t<section class=\"elementor-section elementor-top-section elementor-element elementor-element-9f14daa elementor-section-boxed elementor-section-height-default elementor-section-height-default\" data-id=\"9f14daa\" data-element_type=\"section\">\n\t\t\t\t\t\t<div class=\"elementor-container elementor-column-gap-default\">\n\t\t\t\t\t<div class=\"elementor-column elementor-col-100 elementor-top-column elementor-element elementor-element-9273bb2\" data-id=\"9273bb2\" data-element_type=\"column\">\n\t\t\t<div class=\"elementor-widget-wrap elementor-element-populated\">\n\t\t\t\t\t\t\t\t<div class=\"elementor-element elementor-element-6103034 elementor-widget-divider--view-line elementor-widget elementor-widget-divider\" data-id=\"6103034\" data-element_type=\"widget\" data-widget_type=\"divider.default\">\n\t\t\t\t<div class=\"elementor-widget-container\">\n\t\t\t\t\t<div class=\"elementor-divider\">\n\t\t\t<span class=\"elementor-divider-separator\">\n\t\t\t\t\t\t<\/span>\n\t\t<\/div>\n\t\t\t\t<\/div>\n\t\t\t\t<\/div>\n\t\t\t\t\t<\/div>\n\t\t<\/div>\n\t\t\t\t\t\t\t<\/div>\n\t\t<\/section>\n\t\t\t\t<section class=\"elementor-section elementor-top-section elementor-element elementor-element-a5a6927 elementor-section-boxed elementor-section-height-default elementor-section-height-default\" data-id=\"a5a6927\" data-element_type=\"section\">\n\t\t\t\t\t\t<div class=\"elementor-container elementor-column-gap-default\">\n\t\t\t\t\t<div class=\"elementor-column elementor-col-100 elementor-top-column elementor-element elementor-element-59bac6b\" data-id=\"59bac6b\" data-element_type=\"column\">\n\t\t\t<div class=\"elementor-widget-wrap elementor-element-populated\">\n\t\t\t\t\t\t\t\t<div class=\"elementor-element elementor-element-d5b12fa elementor-widget elementor-widget-jkit_accordion\" data-id=\"d5b12fa\" data-element_type=\"widget\" data-widget_type=\"jkit_accordion.default\">\n\t\t\t\t<div class=\"elementor-widget-container\">\n\t\t\t<div  class=\"jeg-elementor-kit jkit-accordion style-default jeg_module__4_69e5128e48820\" ><div class=\"card-wrapper \">\n                <div class=\"card-header\">\n                    <a href=\"#expand-450b7de\" class=\"card-header-button\" aria-expanded=\"false\" data-target=\"#expand-450b7de\" aria-controls=\"expand-450b7de\">\n                        <span class=\"title\">Campo de la Gesti\u00f3n Organizacional<\/span><div class=\"right-icon-group\">\n                <div class=\"normal-icon\"><i aria-hidden=\"true\" class=\"fas fa-chevron-down\"><\/i><\/div>\n                <div class=\"active-icon\"><i aria-hidden=\"true\" class=\"fas fa-chevron-up\"><\/i><\/div>\n            <\/div>\n                    <\/a>\n                <\/div>\n                <div class=\"card-expand\" id=\"expand-450b7de\" style=\"display:none\"><div class=\"card-body\"><ul><li>Procesos para mejorar la eficiencia de una organizaci\u00f3n<\/li><li>Implementaci\u00f3n de Sistemas de Renovaci\u00f3n Organizaci\u00f3n, SRO<\/li><li>Elaboraci\u00f3n de planes estrat\u00e9gicos<\/li><li>Asesor\u00eda y acompa\u00f1amiento en la implementaci\u00f3n de planes estrat\u00e9gicos<\/li><li>Evaluaci\u00f3n y control y seguimiento de planes estrat\u00e9gicos<\/li><li>Elaboraci\u00f3n de planes de negocios<\/li><li>Procesos para la Evaluaci\u00f3n de Resultados<\/li><li>Generar cultura de proyectos en la organizaci\u00f3n.<\/li><\/ul><\/div><\/div>\n            <\/div><div class=\"card-wrapper \">\n                <div class=\"card-header\">\n                    <a href=\"#expand-2a6ed97\" class=\"card-header-button\" aria-expanded=\"false\" data-target=\"#expand-2a6ed97\" aria-controls=\"expand-2a6ed97\">\n                        <span class=\"title\">Campo de las Inversiones<\/span><div class=\"right-icon-group\">\n                <div class=\"normal-icon\"><i aria-hidden=\"true\" class=\"fas fa-chevron-down\"><\/i><\/div>\n                <div class=\"active-icon\"><i aria-hidden=\"true\" class=\"fas fa-chevron-up\"><\/i><\/div>\n            <\/div>\n                    <\/a>\n                <\/div>\n                <div class=\"card-expand\" id=\"expand-2a6ed97\" style=\"display:none\"><div class=\"card-body\"><p><strong><em>\u00c1rea de Planificaci\u00f3n de las Inversiones<\/em><\/strong><\/p><ul><li>Formulaci\u00f3n y Evaluaci\u00f3n de proyectos<\/li><li>Enfoque del Marco L\u00f3gico para preparar proyectos<\/li><li>Elaboraci\u00f3n de estudios de prefactibilidad y factibilidad<\/li><li>Cambio clim\u00e1tico y gesti\u00f3n de Riesgo en proyectos<\/li><li>Gesti\u00f3n de Riesgos de Desastres en procesos de Inversi\u00f3n P\u00fablica<\/li><li>Evaluaci\u00f3n de impactos ambientales<\/li><li>Estudios socio-econ\u00f3micos<\/li><\/ul><p><strong>\u00a0<\/strong><strong><em>\u00c1rea de la Gerencia de Proyectos<\/em><\/strong><\/p><ul><li>Organizaci\u00f3n para la ejecuci\u00f3n de proyectos<\/li><li>Planificaci\u00f3n y programaci\u00f3n de la ejecuci\u00f3n de proyectos<\/li><li>Seguimiento y Control de la ejecuci\u00f3n de proyectos<\/li><\/ul><\/div><\/div>\n            <\/div><div class=\"card-wrapper \">\n                <div class=\"card-header\">\n                    <a href=\"#expand-161ac6f\" class=\"card-header-button\" aria-expanded=\"false\" data-target=\"#expand-161ac6f\" aria-controls=\"expand-161ac6f\">\n                        <span class=\"title\">\u00c1rea de la Evaluaci\u00f3n de Proyectos<\/span><div class=\"right-icon-group\">\n                <div class=\"normal-icon\"><i aria-hidden=\"true\" class=\"fas fa-chevron-down\"><\/i><\/div>\n                <div class=\"active-icon\"><i aria-hidden=\"true\" class=\"fas fa-chevron-up\"><\/i><\/div>\n            <\/div>\n                    <\/a>\n                <\/div>\n                <div class=\"card-expand\" id=\"expand-161ac6f\" style=\"display:none\"><div class=\"card-body\"><ul><li><strong><em>Evaluaci\u00f3n ex - antes<\/em><\/strong><ul><li>Evaluaci\u00f3n financiera<\/li><li>Evaluaci\u00f3n econ\u00f3mica y social<\/li><li>Evaluaci\u00f3n del impacto ambiental<\/li><\/ul><\/li><li><strong><em>Evaluaci\u00f3n durante<\/em><\/strong><ul><li>Seguimiento y Control de proyectos<\/li><li>Elaboraci\u00f3n de informes de medio t\u00e9rmino<\/li><li>Elaboraci\u00f3n de informes de finalizaci\u00f3n del proyecto<\/li><\/ul><\/li><li><strong><em>Evaluaci\u00f3n ex - post<\/em><\/strong><ul><li>Evaluaci\u00f3n ex-post de la ejecuci\u00f3n del proyecto<\/li><li>Evaluaci\u00f3n ex-post de operaci\u00f3n del proyecto<\/li><\/ul><\/li><\/ul><\/div><\/div>\n            <\/div><\/div>\t\t<\/div>\n\t\t\t\t<\/div>\n\t\t\t\t\t<\/div>\n\t\t<\/div>\n\t\t\t\t\t\t\t<\/div>\n\t\t<\/section>\n\t\t\t\t\t\t\t<\/div>\n\t\t","protected":false},"excerpt":{"rendered":"<p>El CEP, cuenta con un grupo de consultores de gran experiencia profesional y acad\u00e9mica en el \u00e1mbito nacional e internacional. Estas fortalezas del equipo de consultores, nos permite ofrecerles servicios de: Consultorias Capacitaci\u00f3n Asistencias Investigaci\u00f3n Estos servicios est\u00e1n orientados a fortalecer a las empresas u organizaciones, en tres \u00e1reas fundamentales para su crecimiento y desarrollo: &hellip; <\/p>\n","protected":false},"author":1,"featured_media":0,"parent":0,"menu_order":0,"comment_status":"closed","ping_status":"closed","template":"","meta":{"footnotes":""},"class_list":["post-84","page","type-page","status-publish","hentry"],"_links":{"self":[{"href":"https:\/\/centroproyectos.com\/web\/wp-json\/wp\/v2\/pages\/84","targetHints":{"allow":["GET"]}}],"collection":[{"href":"https:\/\/centroproyectos.com\/web\/wp-json\/wp\/v2\/pages"}],"about":[{"href":"https:\/\/centroproyectos.com\/web\/wp-json\/wp\/v2\/types\/page"}],"author":[{"embeddable":true,"href":"https:\/\/centroproyectos.com\/web\/wp-json\/wp\/v2\/users\/1"}],"replies":[{"embeddable":true,"href":"https:\/\/centroproyectos.com\/web\/wp-json\/wp\/v2\/comments?post=84"}],"version-history":[{"count":16,"href":"https:\/\/centroproyectos.com\/web\/wp-json\/wp\/v2\/pages\/84\/revisions"}],"predecessor-version":[{"id":112,"href":"https:\/\/centroproyectos.com\/web\/wp-json\/wp\/v2\/pages\/84\/revisions\/112"}],"wp:attachment":[{"href":"https:\/\/centroproyectos.com\/web\/wp-json\/wp\/v2\/media?parent=84"}],"curies":[{"name":"wp","href":"https:\/\/api.w.org\/{rel}","templated":true}]}}