{"id":32,"date":"2023-07-31T10:16:34","date_gmt":"2023-07-31T16:16:34","guid":{"rendered":"https:\/\/centroproyectos.com\/web\/?page_id=32"},"modified":"2023-07-31T21:36:45","modified_gmt":"2023-08-01T03:36:45","slug":"acerca-de","status":"publish","type":"page","link":"https:\/\/centroproyectos.com\/web\/acerca-de\/","title":{"rendered":"Acerca de"},"content":{"rendered":"<p style=\"text-align: justify;\">En el <strong>C.E.P. Centro Regional Especializado en Proyectos S.A.<\/strong>, estamos comprometidos con una perspectiva sostenible que busca contribuir al desarrollo de organizaciones competitivas y al mismo tiempo responsables con el entorno y la sociedad.<\/p>\n<p style=\"text-align: justify;\">El CEP es un equipo de consultores altamente experimentados a nivel nacional e internacional. Nuestra oferta de servicios se enfoca en el desarrollo de profesionales altamente especializados en gesti\u00f3n de proyectos y gesti\u00f3n organizacional, pero tambi\u00e9n integra la sostenibilidad como un pilar fundamental en todas nuestras actividades. Nos enorgullecemos de poner a su disposici\u00f3n un equipo de profesionales certificados internacionalmente bajo los est\u00e1ndares del IPMA y PMI, con una s\u00f3lida experiencia como directores y desarrolladores de competencias en gesti\u00f3n de proyectos en diversos sectores empresariales e industriales.<\/p>\n<p style=\"text-align: justify;\">El centro se organiza como una necesidad para brindar servicios altamente especializados y de calidad en un campo de trascendental importancia para el crecimiento y \u00e9xito de cualquier empresa u organizaciones: la gesti\u00f3n organizacional y los procesos de planificaci\u00f3n, gerencia y evaluaci\u00f3n de las inversiones, as\u00ed como atenciones al manejo de desastres en sus distintas fases (prevenci\u00f3n, mitigaci\u00f3n, emergencia, rehabilitaci\u00f3n, recuperaci\u00f3n y reconstrucci\u00f3n).<\/p>\n","protected":false},"excerpt":{"rendered":"<p>En el C.E.P. Centro Regional Especializado en Proyectos S.A., estamos comprometidos con una perspectiva sostenible que busca contribuir al desarrollo de organizaciones competitivas y al mismo tiempo responsables con el entorno y la sociedad. El CEP es un equipo de consultores altamente experimentados a nivel nacional e internacional. Nuestra oferta de servicios se enfoca en &hellip; <\/p>\n","protected":false},"author":1,"featured_media":54,"parent":0,"menu_order":0,"comment_status":"closed","ping_status":"closed","template":"","meta":{"footnotes":""},"class_list":["post-32","page","type-page","status-publish","has-post-thumbnail","hentry"],"_links":{"self":[{"href":"https:\/\/centroproyectos.com\/web\/wp-json\/wp\/v2\/pages\/32","targetHints":{"allow":["GET"]}}],"collection":[{"href":"https:\/\/centroproyectos.com\/web\/wp-json\/wp\/v2\/pages"}],"about":[{"href":"https:\/\/centroproyectos.com\/web\/wp-json\/wp\/v2\/types\/page"}],"author":[{"embeddable":true,"href":"https:\/\/centroproyectos.com\/web\/wp-json\/wp\/v2\/users\/1"}],"replies":[{"embeddable":true,"href":"https:\/\/centroproyectos.com\/web\/wp-json\/wp\/v2\/comments?post=32"}],"version-history":[{"count":5,"href":"https:\/\/centroproyectos.com\/web\/wp-json\/wp\/v2\/pages\/32\/revisions"}],"predecessor-version":[{"id":53,"href":"https:\/\/centroproyectos.com\/web\/wp-json\/wp\/v2\/pages\/32\/revisions\/53"}],"wp:featuredmedia":[{"embeddable":true,"href":"https:\/\/centroproyectos.com\/web\/wp-json\/wp\/v2\/media\/54"}],"wp:attachment":[{"href":"https:\/\/centroproyectos.com\/web\/wp-json\/wp\/v2\/media?parent=32"}],"curies":[{"name":"wp","href":"https:\/\/api.w.org\/{rel}","templated":true}]}}