{"id":100,"date":"2023-08-02T06:41:42","date_gmt":"2023-08-02T12:41:42","guid":{"rendered":"https:\/\/centroproyectos.com\/web\/?page_id=100"},"modified":"2023-08-02T06:42:19","modified_gmt":"2023-08-02T12:42:19","slug":"consulta","status":"publish","type":"page","link":"https:\/\/centroproyectos.com\/web\/consulta\/","title":{"rendered":"Consulta"},"content":{"rendered":"<div id=\"vfb-form-1\" class=\"visual-form-builder-container\"><form id=\"consulta-gratis-1\" class=\"visual-form-builder vfb-form-1 \" method=\"post\" enctype=\"multipart\/form-data\">\n\t  \t<input type=\"hidden\" name=\"form_id\" value=\"1\" \/><fieldset class=\"vfb-fieldset vfb-fieldset-1 formulario \" id=\"item-vfb-1\"><div class=\"vfb-legend\"><h3>Formulario<\/h3><\/div><ul class=\"vfb-section vfb-section-1\"><li class=\"vfb-item vfb-item-instructions  \" id=\"item-vfb-9\"><label class=\"vfb-desc\">Instrucciones <\/label>Por favor d\u00e9janos tu consulta y en un plazo m\u00e1ximo de 48 horas te estaremos dando respuesta, gracias.<\/li><li class=\"vfb-item vfb-item-text  \" id=\"item-vfb-5\"><label for=\"vfb-5\" class=\"vfb-desc\">Nombre y Apellido  <span class=\"vfb-required-asterisk\">*<\/span><\/label><input type=\"text\" name=\"vfb-5\" id=\"vfb-5\" value=\"\" class=\"vfb-text  vfb-medium  required  \" \/><\/li><li class=\"vfb-item vfb-item-email  \" id=\"item-vfb-6\"><label for=\"vfb-6\" class=\"vfb-desc\">Email  <span class=\"vfb-required-asterisk\">*<\/span><\/label><input type=\"email\" name=\"vfb-6\" id=\"vfb-6\" value=\"\" class=\"vfb-text  vfb-medium  required  email \" \/><\/li><li class=\"vfb-item vfb-item-radio  \" id=\"item-vfb-8\"><label class=\"vfb-desc\">Acerca de  <span class=\"vfb-required-asterisk\">*<\/span><\/label><div><span class=\"vfb-span\"><input type=\"radio\" name=\"vfb-8\" id=\"vfb-8-1\" value=\"Consultor\u00eda\" class=\"vfb-radio  required \" \/><label for=\"vfb-8-1\" class=\"vfb-choice\">Consultor\u00eda<\/label><\/span><span class=\"vfb-span\"><input type=\"radio\" name=\"vfb-8\" id=\"vfb-8-2\" value=\"Capacitaci\u00f3n\" class=\"vfb-radio  required \" \/><label for=\"vfb-8-2\" class=\"vfb-choice\">Capacitaci\u00f3n<\/label><\/span><span class=\"vfb-span\"><input type=\"radio\" name=\"vfb-8\" id=\"vfb-8-3\" value=\"Asistencia T\u00e9cnica\" class=\"vfb-radio  required \" \/><label for=\"vfb-8-3\" class=\"vfb-choice\">Asistencia T\u00e9cnica<\/label><\/span><span class=\"vfb-span\"><input type=\"radio\" name=\"vfb-8\" id=\"vfb-8-4\" value=\"Investigaci\u00f3n\" class=\"vfb-radio  required \" \/><label for=\"vfb-8-4\" class=\"vfb-choice\">Investigaci\u00f3n<\/label><\/span><span class=\"vfb-span\"><input type=\"radio\" name=\"vfb-8\" id=\"vfb-8-5\" value=\"Otro\" class=\"vfb-radio  required \" \/><label for=\"vfb-8-5\" class=\"vfb-choice\">Otro<\/label><\/span><div style=\"clear:both\"><\/div><\/div><\/li><li class=\"vfb-item vfb-item-textarea  \" id=\"item-vfb-7\"><label for=\"vfb-7\" class=\"vfb-desc\">Consulta  <span class=\"vfb-required-asterisk\">*<\/span><\/label><div><textarea name=\"vfb-7\" id=\"vfb-7\" class=\"vfb-textarea  vfb-medium  required \"><\/textarea><\/div><\/li><\/ul>&nbsp;<\/fieldset><fieldset class=\"vfb-fieldset vfb-fieldset-2 verificacion \" id=\"item-vfb-2\" style=\"display:block\"><div class=\"vfb-legend\"><h3>Verificaci\u00f3n<\/h3><\/div><ul class=\"vfb-section vfb-section-2\"><li class=\"vfb-item vfb-item-secret\"  style=\"display:block\"><label for=\"vfb-3\" class=\"vfb-desc\">Ingrese \u00faltimos 2 d\u00edgitos del a\u00f1o actual <span class=\"vfb-required-asterisk\">*<\/span><\/label><input type=\"hidden\" name=\"_vfb-secret\" value=\"vfb-3\" \/><span class=\"vfb-span\"><input type=\"text\" name=\"vfb-3\" id=\"vfb-3\" value=\"\" class=\"vfb-text  vfb-medium  required {digits:true,maxlength:2,minlength:2} \" style=\"display:block\" \/><label>Ejemplo: 20<\/label><\/span><li style=\"display:none;\"><label>This box is for spam protection - &lt;strong&gt;please leave it blank&lt;\/strong&gt;:<\/label><div><input name=\"vfb-spam\" \/><\/div><\/li>\n\t\t\t<li class=\"vfb-item vfb-item-submit\" id=\"item-vfb-4\">\n\t\t\t\t<input type=\"submit\" name=\"vfb-submit\" id=\"vfb-4\" value=\"Enviar\" class=\"vfb-submit \" \/>\n\t\t\t\t<\/li><\/ul>\n\t\t\t<\/fieldset><input type=\"hidden\" name=\"_wp_http_referer\" value=\"\/web\/wp-json\/wp\/v2\/pages\/100\" \/><\/form><\/div> <!-- .visual-form-builder-container -->\n","protected":false},"excerpt":{"rendered":"","protected":false},"author":1,"featured_media":0,"parent":0,"menu_order":0,"comment_status":"closed","ping_status":"closed","template":"","meta":{"footnotes":""},"class_list":["post-100","page","type-page","status-publish","hentry"],"_links":{"self":[{"href":"https:\/\/centroproyectos.com\/web\/wp-json\/wp\/v2\/pages\/100","targetHints":{"allow":["GET"]}}],"collection":[{"href":"https:\/\/centroproyectos.com\/web\/wp-json\/wp\/v2\/pages"}],"about":[{"href":"https:\/\/centroproyectos.com\/web\/wp-json\/wp\/v2\/types\/page"}],"author":[{"embeddable":true,"href":"https:\/\/centroproyectos.com\/web\/wp-json\/wp\/v2\/users\/1"}],"replies":[{"embeddable":true,"href":"https:\/\/centroproyectos.com\/web\/wp-json\/wp\/v2\/comments?post=100"}],"version-history":[{"count":2,"href":"https:\/\/centroproyectos.com\/web\/wp-json\/wp\/v2\/pages\/100\/revisions"}],"predecessor-version":[{"id":102,"href":"https:\/\/centroproyectos.com\/web\/wp-json\/wp\/v2\/pages\/100\/revisions\/102"}],"wp:attachment":[{"href":"https:\/\/centroproyectos.com\/web\/wp-json\/wp\/v2\/media?parent=100"}],"curies":[{"name":"wp","href":"https:\/\/api.w.org\/{rel}","templated":true}]}}